{"id":21,"date":"2024-05-21T09:24:16","date_gmt":"2024-05-21T09:24:16","guid":{"rendered":"https:\/\/radici.farm\/?page_id=21"},"modified":"2025-01-24T15:37:54","modified_gmt":"2025-01-24T15:37:54","slug":"contact-us","status":"publish","type":"page","link":"https:\/\/radici.farm\/it\/contact-us\/","title":{"rendered":"Contact us"},"content":{"rendered":"<div data-elementor-type=\"wp-page\" data-elementor-id=\"21\" class=\"elementor elementor-21\" data-elementor-post-type=\"page\">\n\t\t\t\t<div class=\"elementor-element elementor-element-4b1999c6 e-flex e-con-boxed e-con e-parent\" data-id=\"4b1999c6\" data-element_type=\"container\" data-e-type=\"container\" data-settings=\"{&quot;background_background&quot;:&quot;classic&quot;,&quot;shape_divider_bottom&quot;:&quot;waves&quot;}\">\n\t\t\t\t\t<div class=\"e-con-inner\">\n\t\t\t\t<div class=\"elementor-shape elementor-shape-bottom\" aria-hidden=\"true\" data-negative=\"false\">\n\t\t\t<svg xmlns=\"http:\/\/www.w3.org\/2000\/svg\" viewbox=\"0 0 1000 100\" preserveaspectratio=\"none\">\n\t<path class=\"elementor-shape-fill\" d=\"M421.9,6.5c22.6-2.5,51.5,0.4,75.5,5.3c23.6,4.9,70.9,23.5,100.5,35.7c75.8,32.2,133.7,44.5,192.6,49.7\tc23.6,2.1,48.7,3.5,103.4-2.5c54.7-6,106.2-25.6,106.2-25.6V0H0v30.3c0,0,72,32.6,158.4,30.5c39.2-0.7,92.8-6.7,134-22.4\tc21.2-8.1,52.2-18.2,79.7-24.2C399.3,7.9,411.6,7.5,421.9,6.5z\"\/>\n<\/svg>\t\t<\/div>\n\t\t\t\t<div class=\"elementor-element elementor-element-7ba49c8f elementor-widget elementor-widget-heading\" data-id=\"7ba49c8f\" data-element_type=\"widget\" data-e-type=\"widget\" data-widget_type=\"heading.default\">\n\t\t\t\t<div class=\"elementor-widget-container\">\n\t\t\t\t\t<h1 class=\"elementor-heading-title elementor-size-default\">CONTATTI<\/h1>\t\t\t\t<\/div>\n\t\t\t\t<\/div>\n\t\t\t\t\t<\/div>\n\t\t\t\t<\/div>\n\t\t<div class=\"elementor-element elementor-element-10b44f1 e-con-full e-flex e-con e-parent\" data-id=\"10b44f1\" data-element_type=\"container\" data-e-type=\"container\" data-settings=\"{&quot;background_background&quot;:&quot;classic&quot;}\">\n\t\t<div class=\"elementor-element elementor-element-7cf4c95 e-con-full e-flex e-con e-child\" data-id=\"7cf4c95\" data-element_type=\"container\" data-e-type=\"container\">\n\t\t\t\t<div class=\"elementor-element elementor-element-5b93d46 elementor-widget elementor-widget-heading\" data-id=\"5b93d46\" data-element_type=\"widget\" data-e-type=\"widget\" data-widget_type=\"heading.default\">\n\t\t\t\t<div class=\"elementor-widget-container\">\n\t\t\t\t\t<h2 class=\"elementor-heading-title elementor-size-default\">DETTAGLI CONTATTI<\/h2>\t\t\t\t<\/div>\n\t\t\t\t<\/div>\n\t\t\t\t<div class=\"elementor-element elementor-element-b008bd9 elementor-widget elementor-widget-heading\" data-id=\"b008bd9\" data-element_type=\"widget\" data-e-type=\"widget\" data-widget_type=\"heading.default\">\n\t\t\t\t<div class=\"elementor-widget-container\">\n\t\t\t\t\t<h2 class=\"elementor-heading-title elementor-size-default\">Indirizzo<\/h2>\t\t\t\t<\/div>\n\t\t\t\t<\/div>\n\t\t\t\t<div class=\"elementor-element elementor-element-2b1ee57 elementor-invisible elementor-widget elementor-widget-text-editor\" data-id=\"2b1ee57\" data-element_type=\"widget\" data-e-type=\"widget\" data-settings=\"{&quot;_animation&quot;:&quot;fadeInUp&quot;}\" data-widget_type=\"text-editor.default\">\n\t\t\t\t<div class=\"elementor-widget-container\">\n\t\t\t\t\t\t\t\t\t<p>Via Cavour, 7, 25077 Ro\u00e8 Volciano BS<\/p>\t\t\t\t\t\t\t\t<\/div>\n\t\t\t\t<\/div>\n\t\t\t\t<div class=\"elementor-element elementor-element-e149b8f elementor-widget elementor-widget-heading\" data-id=\"e149b8f\" data-element_type=\"widget\" data-e-type=\"widget\" data-widget_type=\"heading.default\">\n\t\t\t\t<div class=\"elementor-widget-container\">\n\t\t\t\t\t<h2 class=\"elementor-heading-title elementor-size-default\">Telefono<\/h2>\t\t\t\t<\/div>\n\t\t\t\t<\/div>\n\t\t\t\t<div class=\"elementor-element elementor-element-8f71a75 elementor-invisible elementor-widget elementor-widget-text-editor\" data-id=\"8f71a75\" data-element_type=\"widget\" data-e-type=\"widget\" data-settings=\"{&quot;_animation&quot;:&quot;fadeInUp&quot;}\" data-widget_type=\"text-editor.default\">\n\t\t\t\t<div class=\"elementor-widget-container\">\n\t\t\t\t\t\t\t\t\t<p><span aria-label=\"Chiama il numero di telefono 375 874 8236\">+39 375 874 8236<\/span><\/p>\t\t\t\t\t\t\t\t<\/div>\n\t\t\t\t<\/div>\n\t\t\t\t<div class=\"elementor-element elementor-element-4da9091 elementor-widget elementor-widget-heading\" data-id=\"4da9091\" data-element_type=\"widget\" data-e-type=\"widget\" data-widget_type=\"heading.default\">\n\t\t\t\t<div class=\"elementor-widget-container\">\n\t\t\t\t\t<h2 class=\"elementor-heading-title elementor-size-default\">Email<\/h2>\t\t\t\t<\/div>\n\t\t\t\t<\/div>\n\t\t\t\t<div class=\"elementor-element elementor-element-060c912 elementor-invisible elementor-widget elementor-widget-text-editor\" data-id=\"060c912\" data-element_type=\"widget\" data-e-type=\"widget\" data-settings=\"{&quot;_animation&quot;:&quot;fadeInUp&quot;}\" data-widget_type=\"text-editor.default\">\n\t\t\t\t<div class=\"elementor-widget-container\">\n\t\t\t\t\t\t\t\t\t<p>info@radici.farm<\/p>\t\t\t\t\t\t\t\t<\/div>\n\t\t\t\t<\/div>\n\t\t\t\t<div class=\"elementor-element elementor-element-3dc225f elementor-widget-divider--view-line elementor-widget elementor-widget-divider\" data-id=\"3dc225f\" data-element_type=\"widget\" data-e-type=\"widget\" data-widget_type=\"divider.default\">\n\t\t\t\t<div class=\"elementor-widget-container\">\n\t\t\t\t\t\t\t<div class=\"elementor-divider\">\n\t\t\t<span class=\"elementor-divider-separator\">\n\t\t\t\t\t\t<\/span>\n\t\t<\/div>\n\t\t\t\t\t\t<\/div>\n\t\t\t\t<\/div>\n\t\t\t\t<div class=\"elementor-element elementor-element-58c3e01 elementor-widget elementor-widget-heading\" data-id=\"58c3e01\" data-element_type=\"widget\" data-e-type=\"widget\" data-widget_type=\"heading.default\">\n\t\t\t\t<div class=\"elementor-widget-container\">\n\t\t\t\t\t<h2 class=\"elementor-heading-title elementor-size-default\">COME ARRIVARCI<\/h2>\t\t\t\t<\/div>\n\t\t\t\t<\/div>\n\t\t\t\t<div class=\"elementor-element elementor-element-4063cac elementor-invisible elementor-widget elementor-widget-text-editor\" data-id=\"4063cac\" data-element_type=\"widget\" data-e-type=\"widget\" data-settings=\"{&quot;_animation&quot;:&quot;fadeInUp&quot;}\" data-widget_type=\"text-editor.default\">\n\t\t\t\t<div class=\"elementor-widget-container\">\n\t\t\t\t\t\t\t\t\t<p>Arrivando da Sal\u00f2, salite sulla collina fino a vedere una piccola chiesa in pietra sulla destra. Girate a destra (attenzione perch\u00e9 la strada \u00e8 stretta) e proseguite avanti fino a vedere un parcheggio.\u00a0<\/p><p>Vedrai una strada sterrata sulla tua sinistra. Prendi quella strada, gira a sinistra e segui la strada per altri 300 metri finch\u00e9 non trovi un cancello nero sulla tua destra.<\/p><p><span class=\"\"><strong>Treno e Autobus<\/strong> <\/span><\/p><p><span class=\"\">Le stazioni ferroviarie pi\u00f9 vicine sono Brescia e Desenzano. Da entrambe le stazioni puoi prendere un autobus per Sal\u00f2, che impiega meno di un'ora. Dalla fermata dell'autobus, ci vuole circa 20 minuti a piedi, oppure puoi chiamarci e cercheremo di venirti a prendere.<\/span><\/p><ul><li class=\"comment_message--commentUnorderedListItem--16BZF\"><a href=\"https:\/\/arriva.it\/app\/uploads\/sites\/6\/2020\/07\/S202.pdf\" target=\"_blank\" rel=\"noopener\"><span class=\"comment_message--boldStyle--DfQEh\">Brescia &gt; Sal\u00f2 bus timetable<\/span><\/a><\/li><li class=\"comment_message--commentUnorderedListItem--16BZF\"><a href=\"https:\/\/arriva.it\/app\/uploads\/sites\/6\/2020\/07\/LN027.pdf\" target=\"_blank\" rel=\"noopener\"><span class=\"comment_message--boldStyle--DfQEh\">Desenzano &gt; Sal\u00f2 bus timetable<\/span><\/a><\/li><\/ul><p><span class=\"\"><strong><br \/>Aereo<\/strong> <\/span><\/p><p><span class=\"\">Gli aeroporti pi\u00f9 vicini sono Bergamo (BGY) e Verona (VR). Sono disponibili autobus navetta dagli aeroporti ai centri citt\u00e0, dove puoi prendere un autobus per Sal\u00f2 (vedi sopra). In alternativa, ci vuole circa un'ora in auto.<\/span><\/p><p><b>Auto<\/b>\u2028<\/p><p class=\"translation-block\">Arrivando da Salo', sali sulla collina fino a vedere una piccola chiesa in pietra sulla destra. <br>Gira a destra (attenzione perch\u00e9 la strada \u00e8 stretta) e prosegui fino a vedere un parcheggio. <br>Vedrai una strada sterrata sulla tua sinistra. Prendi quella strada, gira a sinistra e segui la strada per altri 300 metri fino a trovare un cancello nero sulla tua destra.<\/p>\t\t\t\t\t\t\t\t<\/div>\n\t\t\t\t<\/div>\n\t\t\t\t<\/div>\n\t\t\t\t<\/div>\n\t\t<div class=\"elementor-element elementor-element-5eb9f9d e-con-full e-flex e-con e-parent\" data-id=\"5eb9f9d\" data-element_type=\"container\" data-e-type=\"container\" data-settings=\"{&quot;background_background&quot;:&quot;classic&quot;,&quot;shape_divider_top&quot;:&quot;waves&quot;,&quot;shape_divider_bottom&quot;:&quot;waves&quot;}\">\n\t\t\t\t<div class=\"elementor-shape elementor-shape-top\" aria-hidden=\"true\" data-negative=\"false\">\n\t\t\t<svg xmlns=\"http:\/\/www.w3.org\/2000\/svg\" viewbox=\"0 0 1000 100\" preserveaspectratio=\"none\">\n\t<path class=\"elementor-shape-fill\" d=\"M421.9,6.5c22.6-2.5,51.5,0.4,75.5,5.3c23.6,4.9,70.9,23.5,100.5,35.7c75.8,32.2,133.7,44.5,192.6,49.7\tc23.6,2.1,48.7,3.5,103.4-2.5c54.7-6,106.2-25.6,106.2-25.6V0H0v30.3c0,0,72,32.6,158.4,30.5c39.2-0.7,92.8-6.7,134-22.4\tc21.2-8.1,52.2-18.2,79.7-24.2C399.3,7.9,411.6,7.5,421.9,6.5z\"\/>\n<\/svg>\t\t<\/div>\n\t\t\t\t<div class=\"elementor-shape elementor-shape-bottom\" aria-hidden=\"true\" data-negative=\"false\">\n\t\t\t<svg xmlns=\"http:\/\/www.w3.org\/2000\/svg\" viewbox=\"0 0 1000 100\" preserveaspectratio=\"none\">\n\t<path class=\"elementor-shape-fill\" d=\"M421.9,6.5c22.6-2.5,51.5,0.4,75.5,5.3c23.6,4.9,70.9,23.5,100.5,35.7c75.8,32.2,133.7,44.5,192.6,49.7\tc23.6,2.1,48.7,3.5,103.4-2.5c54.7-6,106.2-25.6,106.2-25.6V0H0v30.3c0,0,72,32.6,158.4,30.5c39.2-0.7,92.8-6.7,134-22.4\tc21.2-8.1,52.2-18.2,79.7-24.2C399.3,7.9,411.6,7.5,421.9,6.5z\"\/>\n<\/svg>\t\t<\/div>\n\t\t\t\t<div class=\"elementor-element elementor-element-004c114 elementor-widget elementor-widget-google_maps\" data-id=\"004c114\" data-element_type=\"widget\" data-e-type=\"widget\" data-widget_type=\"google_maps.default\">\n\t\t\t\t<div class=\"elementor-widget-container\">\n\t\t\t\t\t\t\t<div class=\"elementor-custom-embed\">\n\t\t\t<iframe loading=\"lazy\"\n\t\t\t\t\tsrc=\"https:\/\/maps.google.com\/maps?q=Via%20Cavour%2C%207%2C%2025077%20Ro%C3%A8%20Volciano%20BS&#038;t=m&#038;z=10&#038;output=embed&#038;iwloc=near\"\n\t\t\t\t\ttitle=\"Via Cavour, 7, 25077 Ro\u00e8 Volciano BS\"\n\t\t\t\t\taria-label=\"Via Cavour, 7, 25077 Ro\u00e8 Volciano BS\"\n\t\t\t><\/iframe>\n\t\t<\/div>\n\t\t\t\t\t\t<\/div>\n\t\t\t\t<\/div>\n\t\t\t\t<\/div>\n\t\t\t\t<\/div>","protected":false},"excerpt":{"rendered":"<p>CONTACT CONTACT DETAILS Address Via Cavour, 7, 25077 Ro\u00e8 Volciano BS Phone +39 375 874 8236 Email info@radici.farm HOW TO GET THERE When arriving from Salo&#8217;, climb the hill until [&hellip;]<\/p>","protected":false},"author":2,"featured_media":0,"parent":0,"menu_order":0,"comment_status":"closed","ping_status":"closed","template":"","meta":{"content-type":"","footnotes":""},"class_list":["post-21","page","type-page","status-publish","hentry"],"_links":{"self":[{"href":"https:\/\/radici.farm\/it\/wp-json\/wp\/v2\/pages\/21","targetHints":{"allow":["GET"]}}],"collection":[{"href":"https:\/\/radici.farm\/it\/wp-json\/wp\/v2\/pages"}],"about":[{"href":"https:\/\/radici.farm\/it\/wp-json\/wp\/v2\/types\/page"}],"author":[{"embeddable":true,"href":"https:\/\/radici.farm\/it\/wp-json\/wp\/v2\/users\/2"}],"replies":[{"embeddable":true,"href":"https:\/\/radici.farm\/it\/wp-json\/wp\/v2\/comments?post=21"}],"version-history":[{"count":25,"href":"https:\/\/radici.farm\/it\/wp-json\/wp\/v2\/pages\/21\/revisions"}],"predecessor-version":[{"id":1795,"href":"https:\/\/radici.farm\/it\/wp-json\/wp\/v2\/pages\/21\/revisions\/1795"}],"wp:attachment":[{"href":"https:\/\/radici.farm\/it\/wp-json\/wp\/v2\/media?parent=21"}],"curies":[{"name":"wp","href":"https:\/\/api.w.org\/{rel}","templated":true}]}}