{"id":522,"date":"2024-06-24T09:15:11","date_gmt":"2024-06-24T09:15:11","guid":{"rendered":"https:\/\/radici.farm\/?page_id=522"},"modified":"2026-02-02T13:59:21","modified_gmt":"2026-02-02T13:59:21","slug":"shop","status":"publish","type":"page","link":"https:\/\/radici.farm\/it\/shop\/","title":{"rendered":"Shop"},"content":{"rendered":"<div data-elementor-type=\"wp-page\" data-elementor-id=\"522\" class=\"elementor elementor-522\" data-elementor-post-type=\"page\">\n\t\t\t\t<div class=\"elementor-element elementor-element-325f0b06 e-flex e-con-boxed e-con e-parent\" data-id=\"325f0b06\" data-element_type=\"container\" data-e-type=\"container\" data-settings=\"{&quot;background_background&quot;:&quot;classic&quot;,&quot;shape_divider_bottom&quot;:&quot;waves&quot;}\">\n\t\t\t\t\t<div class=\"e-con-inner\">\n\t\t\t\t<div class=\"elementor-shape elementor-shape-bottom\" aria-hidden=\"true\" data-negative=\"false\">\n\t\t\t<svg xmlns=\"http:\/\/www.w3.org\/2000\/svg\" viewbox=\"0 0 1000 100\" preserveaspectratio=\"none\">\n\t<path class=\"elementor-shape-fill\" d=\"M421.9,6.5c22.6-2.5,51.5,0.4,75.5,5.3c23.6,4.9,70.9,23.5,100.5,35.7c75.8,32.2,133.7,44.5,192.6,49.7\tc23.6,2.1,48.7,3.5,103.4-2.5c54.7-6,106.2-25.6,106.2-25.6V0H0v30.3c0,0,72,32.6,158.4,30.5c39.2-0.7,92.8-6.7,134-22.4\tc21.2-8.1,52.2-18.2,79.7-24.2C399.3,7.9,411.6,7.5,421.9,6.5z\"\/>\n<\/svg>\t\t<\/div>\n\t\t\t\t<div class=\"elementor-element elementor-element-2f8585a8 elementor-widget elementor-widget-heading\" data-id=\"2f8585a8\" data-element_type=\"widget\" data-e-type=\"widget\" data-widget_type=\"heading.default\">\n\t\t\t\t<div class=\"elementor-widget-container\">\n\t\t\t\t\t<h1 class=\"elementor-heading-title elementor-size-default\">Shop<\/h1>\t\t\t\t<\/div>\n\t\t\t\t<\/div>\n\t\t\t\t\t<\/div>\n\t\t\t\t<\/div>\n\t\t<div class=\"elementor-element elementor-element-fc45d2d e-flex e-con-boxed e-con e-parent\" data-id=\"fc45d2d\" data-element_type=\"container\" data-e-type=\"container\" data-settings=\"{&quot;background_background&quot;:&quot;classic&quot;}\">\n\t\t\t\t\t<div class=\"e-con-inner\">\n\t\t<div class=\"elementor-element elementor-element-bd88a15 e-con-full e-flex e-con e-child\" data-id=\"bd88a15\" data-element_type=\"container\" data-e-type=\"container\">\n\t\t\t\t<div class=\"elementor-element elementor-element-e9b322d elementor-widget elementor-widget-image\" data-id=\"e9b322d\" data-element_type=\"widget\" data-e-type=\"widget\" data-widget_type=\"image.default\">\n\t\t\t\t<div class=\"elementor-widget-container\">\n\t\t\t\t\t\t\t\t\t\t\t\t\t\t\t<img decoding=\"async\" src=\"https:\/\/radici.farm\/wp-content\/uploads\/2024\/07\/FROM-FARM-TO-TABLE-2_right.png\" title=\"FROM-FARM-TO-TABLE-2_right\" alt=\"FROM-FARM-TO-TABLE-2_right\" loading=\"lazy\" \/>\t\t\t\t\t\t\t\t\t\t\t\t\t\t\t<\/div>\n\t\t\t\t<\/div>\n\t\t\t\t<\/div>\n\t\t<div class=\"elementor-element elementor-element-e094bf4 e-con-full e-flex e-con e-child\" data-id=\"e094bf4\" data-element_type=\"container\" data-e-type=\"container\">\n\t\t\t\t<div class=\"elementor-element elementor-element-b5af57a elementor-widget elementor-widget-heading\" data-id=\"b5af57a\" data-element_type=\"widget\" data-e-type=\"widget\" data-widget_type=\"heading.default\">\n\t\t\t\t<div class=\"elementor-widget-container\">\n\t\t\t\t\t<h3 class=\"elementor-heading-title elementor-size-default\">FRUTTA E VERDURA STAGIONALE, LOCALE E BIO.<\/h3>\t\t\t\t<\/div>\n\t\t\t\t<\/div>\n\t\t\t\t<div class=\"elementor-element elementor-element-c3aa6f3 elementor-invisible elementor-widget elementor-widget-text-editor\" data-id=\"c3aa6f3\" data-element_type=\"widget\" data-e-type=\"widget\" data-settings=\"{&quot;_animation&quot;:&quot;fadeInUp&quot;}\" data-widget_type=\"text-editor.default\">\n\t\t\t\t<div class=\"elementor-widget-container\">\n\t\t\t\t\t\t\t\t\t<p data-start=\"71\" data-end=\"179\">Ogni settimana riceverai l'elenco aggiornato dei prodotti freschi e potrai effettuare il tuo ordine in pochi clic.<\/p><p data-start=\"181\" data-end=\"200\"><strong data-start=\"181\" data-end=\"198\">Come funziona:<\/strong><\/p><ul data-start=\"201\" data-end=\"374\"><li data-start=\"201\" data-end=\"252\"><p data-start=\"203\" data-end=\"252\">Unisciti al nostro <strong>gruppo WhatApp<\/strong> per ottenere l'elenco settimanale.<\/p><\/li><li data-start=\"253\" data-end=\"291\"><p data-start=\"255\" data-end=\"291\">Invia il tuo ordine entro <strong>domenica sera<\/strong>.<\/p><\/li><li data-start=\"292\" data-end=\"374\"><p data-start=\"294\" data-end=\"374\">Ritiralo presso la nostra azienda agricola a Ro\u00e8 Volciano il <strong>Marted\u00ec dalle 9:30 alle 17:00<\/strong>.<\/p><\/li><\/ul><p data-start=\"376\" data-end=\"466\" data-is-last-node=\"\" data-is-only-node=\"\">Per ordini<strong> sopra i 30\u20ac<\/strong>, ti consegniamo la scatola direttamente a casa entro <strong>10 km<\/strong> di Radici.<\/p>\t\t\t\t\t\t\t\t<\/div>\n\t\t\t\t<\/div>\n\t\t\t\t<div class=\"elementor-element elementor-element-973636f elementor-widget elementor-widget-button\" data-id=\"973636f\" data-element_type=\"widget\" data-e-type=\"widget\" data-widget_type=\"button.default\">\n\t\t\t\t<div class=\"elementor-widget-container\">\n\t\t\t\t\t\t\t\t\t<div class=\"elementor-button-wrapper\">\n\t\t\t\t\t<a class=\"elementor-button elementor-button-link elementor-size-sm\" href=\"https:\/\/chat.whatsapp.com\/J0AkCnFDICb7hwxwJpUYSu?mode=ems_share_t\" target=\"_blank\">\n\t\t\t\t\t\t<span class=\"elementor-button-content-wrapper\">\n\t\t\t\t\t\t\t\t\t<span class=\"elementor-button-text\">Entra nel gruppo WA<\/span>\n\t\t\t\t\t<\/span>\n\t\t\t\t\t<\/a>\n\t\t\t\t<\/div>\n\t\t\t\t\t\t\t\t<\/div>\n\t\t\t\t<\/div>\n\t\t\t\t<\/div>\n\t\t\t\t\t<\/div>\n\t\t\t\t<\/div>\n\t\t<div class=\"elementor-element elementor-element-3a04c11 e-flex e-con-boxed e-con e-parent\" data-id=\"3a04c11\" data-element_type=\"container\" data-e-type=\"container\" data-settings=\"{&quot;background_background&quot;:&quot;classic&quot;,&quot;shape_divider_top&quot;:&quot;waves&quot;,&quot;shape_divider_bottom&quot;:&quot;waves&quot;}\">\n\t\t\t\t\t<div class=\"e-con-inner\">\n\t\t\t\t<div class=\"elementor-shape elementor-shape-top\" aria-hidden=\"true\" data-negative=\"false\">\n\t\t\t<svg xmlns=\"http:\/\/www.w3.org\/2000\/svg\" viewbox=\"0 0 1000 100\" preserveaspectratio=\"none\">\n\t<path class=\"elementor-shape-fill\" d=\"M421.9,6.5c22.6-2.5,51.5,0.4,75.5,5.3c23.6,4.9,70.9,23.5,100.5,35.7c75.8,32.2,133.7,44.5,192.6,49.7\tc23.6,2.1,48.7,3.5,103.4-2.5c54.7-6,106.2-25.6,106.2-25.6V0H0v30.3c0,0,72,32.6,158.4,30.5c39.2-0.7,92.8-6.7,134-22.4\tc21.2-8.1,52.2-18.2,79.7-24.2C399.3,7.9,411.6,7.5,421.9,6.5z\"\/>\n<\/svg>\t\t<\/div>\n\t\t\t\t<div class=\"elementor-shape elementor-shape-bottom\" aria-hidden=\"true\" data-negative=\"false\">\n\t\t\t<svg xmlns=\"http:\/\/www.w3.org\/2000\/svg\" viewbox=\"0 0 1000 100\" preserveaspectratio=\"none\">\n\t<path class=\"elementor-shape-fill\" d=\"M421.9,6.5c22.6-2.5,51.5,0.4,75.5,5.3c23.6,4.9,70.9,23.5,100.5,35.7c75.8,32.2,133.7,44.5,192.6,49.7\tc23.6,2.1,48.7,3.5,103.4-2.5c54.7-6,106.2-25.6,106.2-25.6V0H0v30.3c0,0,72,32.6,158.4,30.5c39.2-0.7,92.8-6.7,134-22.4\tc21.2-8.1,52.2-18.2,79.7-24.2C399.3,7.9,411.6,7.5,421.9,6.5z\"\/>\n<\/svg>\t\t<\/div>\n\t\t\t\t<div class=\"elementor-element elementor-element-74cd5e3 elementor-button-align-stretch elementor-widget elementor-widget-form\" data-id=\"74cd5e3\" data-element_type=\"widget\" data-e-type=\"widget\" data-settings=\"{&quot;step_next_label&quot;:&quot;Successivo&quot;,&quot;step_previous_label&quot;:&quot;Precedente&quot;,&quot;button_width&quot;:&quot;100&quot;,&quot;step_type&quot;:&quot;number_text&quot;,&quot;step_icon_shape&quot;:&quot;circle&quot;}\" data-widget_type=\"form.default\">\n\t\t\t\t<div class=\"elementor-widget-container\">\n\t\t\t\t\t\t\t<form class=\"elementor-form\" method=\"post\" id=\"applicationForm\" name=\"Application Submission Form\" aria-label=\"Application Submission Form\" action=\"\">\n\t\t\t<input type=\"hidden\" name=\"post_id\" value=\"522\"\/>\n\t\t\t<input type=\"hidden\" name=\"form_id\" value=\"74cd5e3\"\/>\n\t\t\t<input type=\"hidden\" name=\"referer_title\" value=\"Shop\" \/>\n\n\t\t\t\t\t\t\t<input type=\"hidden\" name=\"queried_id\" value=\"522\"\/>\n\t\t\t\n\t\t\t<div class=\"elementor-form-fields-wrapper elementor-labels-above\">\n\t\t\t\t\t\t\t\t<div class=\"elementor-field-type-email elementor-field-group elementor-column elementor-field-group-email elementor-col-100 elementor-field-required elementor-mark-required\">\n\t\t\t\t\t\t\t\t\t\t\t\t<label for=\"form-field-email\" class=\"elementor-field-label\">\n\t\t\t\t\t\t\t\tE-mail\t\t\t\t\t\t\t<\/label>\n\t\t\t\t\t\t\t\t\t\t\t\t\t\t<input size=\"1\" type=\"email\" name=\"form_fields[email]\" id=\"form-field-email\" class=\"elementor-field elementor-size-md  elementor-field-textual\" placeholder=\"Inserisci qui E-mail\" required=\"required\">\n\t\t\t\t\t\t\t\t\t\t\t<\/div>\n\t\t\t\t\t\t\t\t<div class=\"elementor-field-type-text elementor-field-group elementor-column elementor-field-group-first_name elementor-col-100 elementor-field-required elementor-mark-required\">\n\t\t\t\t\t\t\t\t\t\t\t\t<label for=\"form-field-first_name\" class=\"elementor-field-label\">\n\t\t\t\t\t\t\t\tNome\t\t\t\t\t\t\t<\/label>\n\t\t\t\t\t\t\t\t\t\t\t\t\t\t<input size=\"1\" type=\"text\" name=\"form_fields[first_name]\" id=\"form-field-first_name\" class=\"elementor-field elementor-size-md  elementor-field-textual\" placeholder=\"Inserisci qui il tuo Nome\" required=\"required\">\n\t\t\t\t\t\t\t\t\t\t\t<\/div>\n\t\t\t\t\t\t\t\t<div class=\"elementor-field-type-text elementor-field-group elementor-column elementor-field-group-last_name elementor-col-100 elementor-field-required elementor-mark-required\">\n\t\t\t\t\t\t\t\t\t\t\t\t<label for=\"form-field-last_name\" class=\"elementor-field-label\">\n\t\t\t\t\t\t\t\tCognome\t\t\t\t\t\t\t<\/label>\n\t\t\t\t\t\t\t\t\t\t\t\t\t\t<input size=\"1\" type=\"text\" name=\"form_fields[last_name]\" id=\"form-field-last_name\" class=\"elementor-field elementor-size-md  elementor-field-textual\" placeholder=\"Inserisci qui il tuo Cognome\" required=\"required\">\n\t\t\t\t\t\t\t\t\t\t\t<\/div>\n\t\t\t\t\t\t\t\t<div class=\"elementor-field-type-tel elementor-field-group elementor-column elementor-field-group-field_7658be8 elementor-col-100 elementor-field-required elementor-mark-required\">\n\t\t\t\t\t\t\t\t\t\t\t\t<label for=\"form-field-field_7658be8\" class=\"elementor-field-label\">\n\t\t\t\t\t\t\t\tTelefono\t\t\t\t\t\t\t<\/label>\n\t\t\t\t\t\t\t\t<input size=\"1\" type=\"tel\" name=\"form_fields[field_7658be8]\" id=\"form-field-field_7658be8\" class=\"elementor-field elementor-size-md  elementor-field-textual\" placeholder=\"Inserisci qui il tuo Numero di telefono\" required=\"required\" pattern=\"[0-9()#&amp;+*-=.]+\" title=\"Sono accettati solo numeri e caratteri telefonici (#, -, *, ecc.).\">\n\n\t\t\t\t\t\t<\/div>\n\t\t\t\t\t\t\t\t<div class=\"elementor-field-type-textarea elementor-field-group elementor-column elementor-field-group-message elementor-col-100 elementor-field-required elementor-mark-required\">\n\t\t\t\t\t\t\t\t\t\t\t\t<label for=\"form-field-message\" class=\"elementor-field-label\">\n\t\t\t\t\t\t\t\tMessage\t\t\t\t\t\t\t<\/label>\n\t\t\t\t\t\t<textarea class=\"elementor-field-textual elementor-field  elementor-size-md\" name=\"form_fields[message]\" id=\"form-field-message\" rows=\"4\" placeholder=\" Inserisci quello che vuoi ordinare\" required=\"required\"><\/textarea>\t\t\t\t<\/div>\n\t\t\t\t\t\t\t\t<div class=\"elementor-field-type-acceptance elementor-field-group elementor-column elementor-field-group-field_04be987 elementor-col-100 elementor-field-required elementor-mark-required\">\n\t\t\t\t\t\t\t\t\t\t\t\t<label for=\"form-field-field_04be987\" class=\"elementor-field-label\">\n\t\t\t\t\t\t\t\tPrivacy Policy\t\t\t\t\t\t\t<\/label>\n\t\t\t\t\t\t\t\t<div class=\"elementor-field-subgroup\">\n\t\t\t<span class=\"elementor-field-option\">\n\t\t\t\t<input type=\"checkbox\" name=\"form_fields[field_04be987]\" id=\"form-field-field_04be987\" class=\"elementor-field elementor-size-md  elementor-acceptance-field\" required=\"required\">\n\t\t\t\t<label for=\"form-field-field_04be987\">Confermo di aver letto e di accettare la <a href=\"\/en\/privacy-policy\/\" target=\"_blank\">Privacy Policy<\/a> e <a href=\"https:\/\/radici.farm\/wp-content\/uploads\/2025\/10\/Condizioni-Generali-di-servizio_-Radici-Cultura-S.r.l.pdf\" target=\"_blank\">Termini e condizioni di vendita<\/a> of Radici Societ\u00e0 Agricola S.r.l., and I give my consent to the processing of my personal data in accordance with EU Regulation 2016\/679 (GDPR).<\/label>\t\t\t<\/span>\n\t\t<\/div>\n\t\t\t\t\t\t<\/div>\n\t\t\t\t\t\t\t\t<div class=\"elementor-field-group elementor-column elementor-field-type-submit elementor-col-100 e-form__buttons\">\n\t\t\t\t\t<button class=\"elementor-button elementor-size-md\" type=\"submit\" id=\"send-applicationForm\">\n\t\t\t\t\t\t<span class=\"elementor-button-content-wrapper\">\n\t\t\t\t\t\t\t\t\t\t\t\t\t\t\t\t\t\t\t\t\t\t<span class=\"elementor-button-text\"> Invia richiesta<\/span>\n\t\t\t\t\t\t\t\t\t\t\t\t\t<\/span>\n\t\t\t\t\t<\/button>\n\t\t\t\t<\/div>\n\t\t\t<\/div>\n\t\t<input type=\"hidden\" name=\"trp-form-language\" value=\"it\"\/><\/form>\n\t\t\t\t\t\t<\/div>\n\t\t\t\t<\/div>\n\t\t\t\t\t<\/div>\n\t\t\t\t<\/div>\n\t\t<div class=\"elementor-element elementor-element-20a2729 e-flex e-con-boxed e-con e-parent\" data-id=\"20a2729\" data-element_type=\"container\" data-e-type=\"container\" data-settings=\"{&quot;background_background&quot;:&quot;classic&quot;}\">\n\t\t\t\t\t<div class=\"e-con-inner\">\n\t\t\t\t<div class=\"elementor-element elementor-element-07e719b elementor-widget elementor-widget-heading\" data-id=\"07e719b\" data-element_type=\"widget\" data-e-type=\"widget\" data-widget_type=\"heading.default\">\n\t\t\t\t<div class=\"elementor-widget-container\">\n\t\t\t\t\t<h2 class=\"elementor-heading-title elementor-size-default\">Le nostre conserve e creazioni<\/h2>\t\t\t\t<\/div>\n\t\t\t\t<\/div>\n\t\t\t\t<div class=\"elementor-element elementor-element-b8d563b elementor-widget elementor-widget-text-editor\" data-id=\"b8d563b\" data-element_type=\"widget\" data-e-type=\"widget\" data-widget_type=\"text-editor.default\">\n\t\t\t\t<div class=\"elementor-widget-container\">\n\t\t\t\t\t\t\t\t\t<p data-start=\"74\" data-end=\"371\">Noi di Radici trasformiamo ci\u00f2 che cresce nei nostri campi in prodotti semplici e genuini da gustare tutto l\u2019anno.<br data-start=\"176\" data-end=\"179\" \/>Dalla nostra cucina vieni <strong data-start=\"201\" data-end=\"277\">passata di pomodoro, pesto di zucchine e noci, miele, olio extra vergine di oliva<\/strong> e altre specialit\u00e0 stagionali, realizzate in piccole quantit\u00e0, con cura e rispetto per la terra.<\/p><p data-start=\"373\" data-end=\"538\">Ogni barattolo \u00e8 pi\u00f9 di un semplice cibo: \u00e8 un pezzo della nostra valle, una storia di <strong data-start=\"445\" data-end=\"469\">agricoltura rigenerativa<\/strong>e un modo per portare sulla tua tavola il sapore autentico di Radici.<\/p><p data-start=\"373\" data-end=\"538\">Per maggiori informazioni o richieste particolari, <strong data-start=\"585\" data-end=\"615\">scrivici a info@radici.farm<\/strong>\u2014 saremo lieti di rispondere.<\/p>\t\t\t\t\t\t\t\t<\/div>\n\t\t\t\t<\/div>\n\t\t<div class=\"elementor-element elementor-element-b3ef6a1 e-grid e-con-full e-con e-child\" data-id=\"b3ef6a1\" data-element_type=\"container\" data-e-type=\"container\">\n\t\t\t\t<div class=\"elementor-element elementor-element-14ad823 elementor-widget elementor-widget-image\" data-id=\"14ad823\" data-element_type=\"widget\" data-e-type=\"widget\" data-widget_type=\"image.default\">\n\t\t\t\t<div class=\"elementor-widget-container\">\n\t\t\t\t\t\t\t\t\t\t\t\t\t\t\t<img fetchpriority=\"high\" decoding=\"async\" width=\"800\" height=\"1000\" src=\"https:\/\/radici.farm\/wp-content\/uploads\/2025\/09\/Olio-819x1024.jpg\" class=\"attachment-large size-large wp-image-2100\" alt=\"\" srcset=\"https:\/\/radici.farm\/wp-content\/uploads\/2025\/09\/Olio-819x1024.jpg 819w, https:\/\/radici.farm\/wp-content\/uploads\/2025\/09\/Olio-240x300.jpg 240w, https:\/\/radici.farm\/wp-content\/uploads\/2025\/09\/Olio-768x960.jpg 768w, https:\/\/radici.farm\/wp-content\/uploads\/2025\/09\/Olio-1229x1536.jpg 1229w, https:\/\/radici.farm\/wp-content\/uploads\/2025\/09\/Olio-1638x2048.jpg 1638w, https:\/\/radici.farm\/wp-content\/uploads\/2025\/09\/Olio-10x12.jpg 10w, https:\/\/radici.farm\/wp-content\/uploads\/2025\/09\/Olio-scaled.jpg 2048w\" sizes=\"(max-width: 800px) 100vw, 800px\" \/>\t\t\t\t\t\t\t\t\t\t\t\t\t\t\t<\/div>\n\t\t\t\t<\/div>\n\t\t\t\t<div class=\"elementor-element elementor-element-697de39 elementor-widget elementor-widget-image\" data-id=\"697de39\" data-element_type=\"widget\" data-e-type=\"widget\" data-widget_type=\"image.default\">\n\t\t\t\t<div class=\"elementor-widget-container\">\n\t\t\t\t\t\t\t\t\t\t\t\t\t\t\t<img decoding=\"async\" width=\"800\" height=\"1000\" src=\"https:\/\/radici.farm\/wp-content\/uploads\/2025\/09\/Tomato-sauce-819x1024.jpeg\" class=\"attachment-large size-large wp-image-2099\" alt=\"\" srcset=\"https:\/\/radici.farm\/wp-content\/uploads\/2025\/09\/Tomato-sauce-819x1024.jpeg 819w, https:\/\/radici.farm\/wp-content\/uploads\/2025\/09\/Tomato-sauce-240x300.jpeg 240w, https:\/\/radici.farm\/wp-content\/uploads\/2025\/09\/Tomato-sauce-768x960.jpeg 768w, https:\/\/radici.farm\/wp-content\/uploads\/2025\/09\/Tomato-sauce-1229x1536.jpeg 1229w, https:\/\/radici.farm\/wp-content\/uploads\/2025\/09\/Tomato-sauce-1638x2048.jpeg 1638w, https:\/\/radici.farm\/wp-content\/uploads\/2025\/09\/Tomato-sauce-10x12.jpeg 10w, https:\/\/radici.farm\/wp-content\/uploads\/2025\/09\/Tomato-sauce.jpeg 1690w\" sizes=\"(max-width: 800px) 100vw, 800px\" \/>\t\t\t\t\t\t\t\t\t\t\t\t\t\t\t<\/div>\n\t\t\t\t<\/div>\n\t\t\t\t<\/div>\n\t\t\t\t\t<\/div>\n\t\t\t\t<\/div>\n\t\t\t\t<\/div>","protected":false},"excerpt":{"rendered":"<p>Shop SHOP OUR ORGANIC, LOCAL AND SEASONAL FRUIT &amp; VEG. Every week you\u2019ll receive the updated list of fresh produce and can place your order in just a few clicks. [&hellip;]<\/p>","protected":false},"author":2,"featured_media":0,"parent":0,"menu_order":0,"comment_status":"closed","ping_status":"closed","template":"","meta":{"content-type":"","footnotes":""},"class_list":["post-522","page","type-page","status-publish","hentry"],"_links":{"self":[{"href":"https:\/\/radici.farm\/it\/wp-json\/wp\/v2\/pages\/522","targetHints":{"allow":["GET"]}}],"collection":[{"href":"https:\/\/radici.farm\/it\/wp-json\/wp\/v2\/pages"}],"about":[{"href":"https:\/\/radici.farm\/it\/wp-json\/wp\/v2\/types\/page"}],"author":[{"embeddable":true,"href":"https:\/\/radici.farm\/it\/wp-json\/wp\/v2\/users\/2"}],"replies":[{"embeddable":true,"href":"https:\/\/radici.farm\/it\/wp-json\/wp\/v2\/comments?post=522"}],"version-history":[{"count":25,"href":"https:\/\/radici.farm\/it\/wp-json\/wp\/v2\/pages\/522\/revisions"}],"predecessor-version":[{"id":2491,"href":"https:\/\/radici.farm\/it\/wp-json\/wp\/v2\/pages\/522\/revisions\/2491"}],"wp:attachment":[{"href":"https:\/\/radici.farm\/it\/wp-json\/wp\/v2\/media?parent=522"}],"curies":[{"name":"wp","href":"https:\/\/api.w.org\/{rel}","templated":true}]}}